{"id":132,"date":"2023-05-15T06:42:11","date_gmt":"2023-05-15T06:42:11","guid":{"rendered":"https:\/\/plasaremunca.ro\/neets\/?page_id=132"},"modified":"2023-05-15T08:59:20","modified_gmt":"2023-05-15T08:59:20","slug":"proceduri-metodologii","status":"publish","type":"page","link":"https:\/\/plasaremunca.ro\/neets\/?page_id=132","title":{"rendered":"Metodologii"},"content":{"rendered":"<p>Procedurile de lucru\/metodologiile necesare implement\u0103rii proiectului au drept scop \u00eembun\u0103t\u0103\u0163irea sustenabil\u0103 a situa\u0163iei grupului \u0163int\u0103 \u0219i au \u00een considerare:<br \/>\n\u2013 mobilizarea resurselor alocate pentru fiecare sarcin\u0103\/obiectiv \u015fi realizarea acestora conform specifica\u0163iilor \u015fi \u00een intervalul de timp alocat, pentru a exista o abordare unitara si integrata a acestor aspecte;<br \/>\n\u2013 comunicarea permanent\u0103 cu factorii de decizie regionali \u015fi locali \u015fi beneficiarii poten\u0163iali ai proiectului \u00een vederea determin\u0103rii a\u015ftept\u0103rilor \u015fi necesit\u0103\u0163ilor acestora \u015fi a evolu\u0163iei \u00een timpul implement\u0103rii proiectului;<br \/>\n\u2013 furnizarea permanent\u0103 de informa\u0163ii pentru implementarea proiectului \u00een func\u0163ie de necesit\u0103\u0163ile identificate ale beneficiarilor;<br \/>\n\u2013 monitorizarea permanent\u0103 a indicatorilor \u015fi rezultatelor directe \u015fi indirecte \u015fi raportarea intern\u0103 \u015fi extern\u0103 \u2013 c\u0103tre finan\u0163ator \u015fi \u00een media;<br \/>\n\u2013 identificarea devia\u0163iilor, a cauzelor \u015fi a ac\u0163iunilor corective necesare.<\/p>\n<p><a href=\"https:\/\/plasaremunca.ro\/neets\/wp-content\/uploads\/2023\/05\/procedura-implementare-proiect-_154359.pdf\" target=\"_new\" rel=\"noopener\">Procedura de implementare a activitatilor proiectului<\/a><\/p>\n<p><a href=\"https:\/\/plasaremunca.ro\/neets\/wp-content\/uploads\/2023\/05\/Procedura-de-organizare-a-campaniei-de-informare-si-promovare-154359.pdf\" target=\"_new\" rel=\"noopener\">Procedura de organizare a campaniei de informare si promovare pentru identificarea tinerilor NEETs<\/a><\/p>\n<p><a href=\"https:\/\/plasaremunca.ro\/neets\/wp-content\/uploads\/2023\/05\/Procedura-inregistrare-grup-tinta-154359.pdf\" target=\"_new\" rel=\"noopener\">Procedura de identificare, inregistrare si monitorizare a grupului tinta<\/a><\/p>\n<p><a href=\"https:\/\/plasaremunca.ro\/neets\/wp-content\/uploads\/2023\/05\/Procedura-de-lucru-formare-profesionala-154359.pdf\" target=\"_new\" rel=\"noopener\">Procedura de lucru privind activitatea de organizare si derulare a programelor de formare<\/a><\/p>\n<p><a href=\"https:\/\/plasaremunca.ro\/neets\/wp-content\/uploads\/2023\/05\/Procedura-mediere-si-plasare-154359.pdf\" target=\"_new\" rel=\"noopener\">Procedura de lucru privind activitatea de mediere si plasare pe piata muncii<\/a><\/p>\n","protected":false},"excerpt":{"rendered":"<p>Procedurile de lucru\/metodologiile necesare implement\u0103rii proiectului au drept scop \u00eembun\u0103t\u0103\u0163irea sustenabil\u0103 a situa\u0163iei grupului \u0163int\u0103 \u0219i au \u00een considerare: \u2013 mobilizarea resurselor alocate pentru fiecare sarcin\u0103\/obiectiv \u015fi realizarea acestora conform specifica\u0163iilor \u015fi \u00een intervalul de timp alocat, pentru a exista o abordare unitara si integrata a acestor aspecte; \u2013 comunicarea permanent\u0103 cu factorii de decizie&hellip; <a href=\"https:\/\/plasaremunca.ro\/neets\/?page_id=132\" class=\"more-link\">Continue reading <span class=\"screen-reader-text\">Metodologii<\/span><\/a><\/p>\n","protected":false},"author":1,"featured_media":0,"parent":0,"menu_order":0,"comment_status":"closed","ping_status":"closed","template":"","meta":{"footnotes":""},"class_list":["post-132","page","type-page","status-publish","hentry","without-featured-image"],"_links":{"self":[{"href":"https:\/\/plasaremunca.ro\/neets\/index.php?rest_route=\/wp\/v2\/pages\/132","targetHints":{"allow":["GET"]}}],"collection":[{"href":"https:\/\/plasaremunca.ro\/neets\/index.php?rest_route=\/wp\/v2\/pages"}],"about":[{"href":"https:\/\/plasaremunca.ro\/neets\/index.php?rest_route=\/wp\/v2\/types\/page"}],"author":[{"embeddable":true,"href":"https:\/\/plasaremunca.ro\/neets\/index.php?rest_route=\/wp\/v2\/users\/1"}],"replies":[{"embeddable":true,"href":"https:\/\/plasaremunca.ro\/neets\/index.php?rest_route=%2Fwp%2Fv2%2Fcomments&post=132"}],"version-history":[{"count":10,"href":"https:\/\/plasaremunca.ro\/neets\/index.php?rest_route=\/wp\/v2\/pages\/132\/revisions"}],"predecessor-version":[{"id":157,"href":"https:\/\/plasaremunca.ro\/neets\/index.php?rest_route=\/wp\/v2\/pages\/132\/revisions\/157"}],"wp:attachment":[{"href":"https:\/\/plasaremunca.ro\/neets\/index.php?rest_route=%2Fwp%2Fv2%2Fmedia&parent=132"}],"curies":[{"name":"wp","href":"https:\/\/api.w.org\/{rel}","templated":true}]}}