{"id":149,"date":"2023-05-15T08:50:16","date_gmt":"2023-05-15T08:50:16","guid":{"rendered":"https:\/\/plasaremunca.ro\/neets\/?page_id=149"},"modified":"2023-05-15T09:07:08","modified_gmt":"2023-05-15T09:07:08","slug":"cauta-job","status":"publish","type":"page","link":"https:\/\/plasaremunca.ro\/neets\/?page_id=149","title":{"rendered":"Caut\u0103 Job"},"content":{"rendered":"<p>Anun\u021buri cu locuri de munca disponiblile \u0219i anun\u021buri caut job. Site-uri specializate care ofer\u0103 o c\u0103utare detaliat\u0103 si actualizat\u0103 a locurilor de munc\u0103 oferite de angajatori:<\/p>\n<p><a href=\"https:\/\/www.ejobs.ro\/locuri-de-munca\/craiova\" target=\"_new\" rel=\"noopener\">www.ejobs.ro<\/a><\/p>\n<p><a href=\"https:\/\/www.bestjobs.eu\/ro\/locuri-de-munca-in-craiova\" target=\"_new\" rel=\"noopener\">www.bestjobs.eu<\/a><\/p>\n<p><a href=\"https:\/\/www.hipo.ro\/locuri-de-munca\/cautajob\/Toate-Domeniile\/Craiova?gclid=EAIaIQobChMIraCQ4PD2_gIVGAOLCh0TLQG-EAAYAiAAEgKC1fD_BwE\" target=\"_new\" rel=\"noopener\">www.hipo.ro<\/a><\/p>\n<p><a href=\"https:\/\/www.jobradar24.ro\/locuri-de-munca\/craiova\" target=\"_new\" rel=\"noopener\">www.jobradar24.ro<\/a><\/p>\n<p><a href=\"https:\/\/www.romjob.ro\/anunturi\/locuri-de-munca\/dolj\/\" target=\"_new\" rel=\"noopener\">www.romjob.ro<\/a><\/p>\n<p><a href=\"https:\/\/delucru.ro\/anunturi\/?querry=&amp;judet=Dolj\" target=\"_new\" rel=\"noopener\">www.delucru.ro<\/a><\/p>\n","protected":false},"excerpt":{"rendered":"<p>Anun\u021buri cu locuri de munca disponiblile \u0219i anun\u021buri caut job. Site-uri specializate care ofer\u0103 o c\u0103utare detaliat\u0103 si actualizat\u0103 a locurilor de munc\u0103 oferite de angajatori: www.ejobs.ro www.bestjobs.eu www.hipo.ro www.jobradar24.ro www.romjob.ro www.delucru.ro<\/p>\n","protected":false},"author":1,"featured_media":0,"parent":0,"menu_order":0,"comment_status":"closed","ping_status":"closed","template":"","meta":{"footnotes":""},"class_list":["post-149","page","type-page","status-publish","hentry","without-featured-image"],"_links":{"self":[{"href":"https:\/\/plasaremunca.ro\/neets\/index.php?rest_route=\/wp\/v2\/pages\/149","targetHints":{"allow":["GET"]}}],"collection":[{"href":"https:\/\/plasaremunca.ro\/neets\/index.php?rest_route=\/wp\/v2\/pages"}],"about":[{"href":"https:\/\/plasaremunca.ro\/neets\/index.php?rest_route=\/wp\/v2\/types\/page"}],"author":[{"embeddable":true,"href":"https:\/\/plasaremunca.ro\/neets\/index.php?rest_route=\/wp\/v2\/users\/1"}],"replies":[{"embeddable":true,"href":"https:\/\/plasaremunca.ro\/neets\/index.php?rest_route=%2Fwp%2Fv2%2Fcomments&post=149"}],"version-history":[{"count":6,"href":"https:\/\/plasaremunca.ro\/neets\/index.php?rest_route=\/wp\/v2\/pages\/149\/revisions"}],"predecessor-version":[{"id":161,"href":"https:\/\/plasaremunca.ro\/neets\/index.php?rest_route=\/wp\/v2\/pages\/149\/revisions\/161"}],"wp:attachment":[{"href":"https:\/\/plasaremunca.ro\/neets\/index.php?rest_route=%2Fwp%2Fv2%2Fmedia&parent=149"}],"curies":[{"name":"wp","href":"https:\/\/api.w.org\/{rel}","templated":true}]}}